{"id":9180,"date":"2025-02-02T12:54:20","date_gmt":"2025-02-02T11:54:20","guid":{"rendered":"https:\/\/www.lesportesdumontblanc.fr\/hiver\/?page_id=9180"},"modified":"2026-04-13T14:46:06","modified_gmt":"2026-04-13T12:46:06","slug":"snow-tubing-megeve","status":"publish","type":"page","link":"https:\/\/www.lesportesdumontblanc.fr\/hiver\/en\/snow-tubing-megeve\/","title":{"rendered":"Snow tubing MEGEVE"},"content":{"rendered":"\t\t<div data-elementor-type=\"wp-page\" data-elementor-id=\"9180\" class=\"elementor elementor-9180\" data-elementor-post-type=\"page\">\n\t\t\t\t\t\t<section data-particle_enable=\"false\" data-particle-mobile-disabled=\"false\" class=\"elementor-section elementor-top-section elementor-element elementor-element-96700ec elementor-section-boxed elementor-section-height-default elementor-section-height-default\" data-id=\"96700ec\" data-element_type=\"section\">\n\t\t\t\t\t\t<div class=\"elementor-container elementor-column-gap-default\">\n\t\t\t\t\t<div class=\"elementor-column elementor-col-100 elementor-top-column elementor-element elementor-element-00d148f\" data-id=\"00d148f\" data-element_type=\"column\">\n\t\t\t<div class=\"elementor-widget-wrap\">\n\t\t\t\t\t\t\t<\/div>\n\t\t<\/div>\n\t\t\t\t\t<\/div>\n\t\t<\/section>\n\t\t\t\t<section data-particle_enable=\"false\" data-particle-mobile-disabled=\"false\" class=\"elementor-section elementor-top-section elementor-element elementor-element-e1e1b64 elementor-section-boxed elementor-section-height-default elementor-section-height-default\" data-id=\"e1e1b64\" data-element_type=\"section\">\n\t\t\t\t\t\t<div class=\"elementor-container elementor-column-gap-default\">\n\t\t\t\t\t<div class=\"elementor-column elementor-col-100 elementor-top-column elementor-element elementor-element-7b720c4\" data-id=\"7b720c4\" data-element_type=\"column\">\n\t\t\t<div class=\"elementor-widget-wrap elementor-element-populated\">\n\t\t\t\t\t\t<div class=\"elementor-element elementor-element-8f57fc2 elementor-skin-carousel elementor-arrows-yes elementor-pagination-type-bullets elementor-pagination-position-outside elementor-widget elementor-widget-media-carousel\" data-id=\"8f57fc2\" data-element_type=\"widget\" data-settings=\"{&quot;skin&quot;:&quot;carousel&quot;,&quot;effect&quot;:&quot;slide&quot;,&quot;show_arrows&quot;:&quot;yes&quot;,&quot;pagination&quot;:&quot;bullets&quot;,&quot;speed&quot;:500,&quot;space_between&quot;:{&quot;unit&quot;:&quot;px&quot;,&quot;size&quot;:10,&quot;sizes&quot;:[]},&quot;space_between_tablet&quot;:{&quot;unit&quot;:&quot;px&quot;,&quot;size&quot;:10,&quot;sizes&quot;:[]},&quot;space_between_mobile&quot;:{&quot;unit&quot;:&quot;px&quot;,&quot;size&quot;:10,&quot;sizes&quot;:[]}}\" data-widget_type=\"media-carousel.default\">\n\t\t\t\t<div class=\"elementor-widget-container\">\n\t\t\t\t\t\t\t\t\t<div class=\"elementor-swiper\">\n\t\t\t\t\t<div class=\"elementor-main-swiper swiper\" role=\"region\" aria-roledescription=\"carousel\" aria-label=\"Diapositives\">\n\t\t\t\t<div class=\"swiper-wrapper\">\n\t\t\t\t\t\t\t\t\t\t\t<div class=\"swiper-slide\" role=\"group\" aria-roledescription=\"slide\">\n\t\t\t\t\t\t\t\t\t<div class=\"elementor-carousel-image\" role=\"img\" aria-label=\"2412_AntoninStephany_Snowtubing-11v3-min-min\" style=\"background-image: url(&#039;https:\/\/www.lesportesdumontblanc.fr\/hiver\/wp-content\/uploads\/sites\/2\/2025\/01\/2412_AntoninStephany_Snowtubing-11v3-min-min.jpg&#039;)\">\n\n\t\t\t\n\t\t\t\t\t<\/div>\n\t\t\t\t\t\t\t\t<\/div>\n\t\t\t\t\t\t\t\t\t\t\t<div class=\"swiper-slide\" role=\"group\" aria-roledescription=\"slide\">\n\t\t\t\t\t\t\t\t\t<div class=\"elementor-carousel-image\" role=\"img\" aria-label=\"2412_AntoninStephany_Snowtubing-16v2-min\" style=\"background-image: url(&#039;https:\/\/www.lesportesdumontblanc.fr\/hiver\/wp-content\/uploads\/sites\/2\/2025\/02\/2412_AntoninStephany_Snowtubing-16v2-min.jpg&#039;)\">\n\n\t\t\t\n\t\t\t\t\t<\/div>\n\t\t\t\t\t\t\t\t<\/div>\n\t\t\t\t\t\t\t\t\t\t\t<div class=\"swiper-slide\" role=\"group\" aria-roledescription=\"slide\">\n\t\t\t\t\t\t\t\t\t<div class=\"elementor-carousel-image\" role=\"img\" aria-label=\"2412_AntoninStephany_Snowtubing-21v2-min\" style=\"background-image: url(&#039;https:\/\/www.lesportesdumontblanc.fr\/hiver\/wp-content\/uploads\/sites\/2\/2025\/02\/2412_AntoninStephany_Snowtubing-21v2-min.jpg&#039;)\">\n\n\t\t\t\n\t\t\t\t\t<\/div>\n\t\t\t\t\t\t\t\t<\/div>\n\t\t\t\t\t\t\t\t\t\t\t<div class=\"swiper-slide\" role=\"group\" aria-roledescription=\"slide\">\n\t\t\t\t\t\t\t\t\t<div class=\"elementor-carousel-image\" role=\"img\" aria-label=\"2412_AntoninStephany_Snowtubing-13v2-min\" style=\"background-image: url(&#039;https:\/\/www.lesportesdumontblanc.fr\/hiver\/wp-content\/uploads\/sites\/2\/2025\/02\/2412_AntoninStephany_Snowtubing-13v2-min.jpg&#039;)\">\n\n\t\t\t\n\t\t\t\t\t<\/div>\n\t\t\t\t\t\t\t\t<\/div>\n\t\t\t\t\t\t\t\t\t\t\t<div class=\"swiper-slide\" role=\"group\" aria-roledescription=\"slide\">\n\t\t\t\t\t\t\t\t\t<div class=\"elementor-carousel-image\" role=\"img\" aria-label=\"2412_AntoninStephany_Snowtubingv2-min\" style=\"background-image: url(&#039;https:\/\/www.lesportesdumontblanc.fr\/hiver\/wp-content\/uploads\/sites\/2\/2025\/02\/2412_AntoninStephany_Snowtubingv2-min.jpg&#039;)\">\n\n\t\t\t\n\t\t\t\t\t<\/div>\n\t\t\t\t\t\t\t\t<\/div>\n\t\t\t\t\t\t\t\t\t\t\t<div class=\"swiper-slide\" role=\"group\" aria-roledescription=\"slide\">\n\t\t\t\t\t\t\t\t\t<div class=\"elementor-carousel-image\" role=\"img\" aria-label=\"2412_AntoninStephany_Snowtubing-7v2-min\" style=\"background-image: url(&#039;https:\/\/www.lesportesdumontblanc.fr\/hiver\/wp-content\/uploads\/sites\/2\/2025\/02\/2412_AntoninStephany_Snowtubing-7v2-min.jpg&#039;)\">\n\n\t\t\t\n\t\t\t\t\t<\/div>\n\t\t\t\t\t\t\t\t<\/div>\n\t\t\t\t\t\t\t\t\t<\/div>\n\t\t\t\t\t\t\t\t\t\t\t\t\t\t\t<div class=\"elementor-swiper-button elementor-swiper-button-prev\" role=\"button\" tabindex=\"0\" aria-label=\"Pr\u00e9c\u00e9dent\">\n\t\t\t\t\t\t\t<i aria-hidden=\"true\" class=\"eicon-chevron-left\"><\/i>\t\t\t\t\t\t<\/div>\n\t\t\t\t\t\t<div class=\"elementor-swiper-button elementor-swiper-button-next\" role=\"button\" tabindex=\"0\" aria-label=\"Suivant\">\n\t\t\t\t\t\t\t<i aria-hidden=\"true\" class=\"eicon-chevron-right\"><\/i>\t\t\t\t\t\t<\/div>\n\t\t\t\t\t\t\t\t\t\t\t\t\t\t\t\t<div class=\"swiper-pagination\"><\/div>\n\t\t\t\t\t\t\t\t\t\t\t\t<\/div>\n\t\t\t\t<\/div>\n\t\t\t\t\t\t\t\t<\/div>\n\t\t\t\t<\/div>\n\t\t\t\t\t<\/div>\n\t\t<\/div>\n\t\t\t\t\t<\/div>\n\t\t<\/section>\n\t\t\t\t<section data-particle_enable=\"false\" data-particle-mobile-disabled=\"false\" class=\"elementor-section elementor-top-section elementor-element elementor-element-785dd87 elementor-section-boxed elementor-section-height-default elementor-section-height-default\" data-id=\"785dd87\" data-element_type=\"section\">\n\t\t\t\t\t\t<div class=\"elementor-container elementor-column-gap-default\">\n\t\t\t\t\t<div class=\"elementor-column elementor-col-100 elementor-top-column elementor-element elementor-element-b0a30be\" data-id=\"b0a30be\" data-element_type=\"column\">\n\t\t\t<div class=\"elementor-widget-wrap elementor-element-populated\">\n\t\t\t\t\t\t<div class=\"elementor-element elementor-element-1d16803 elementor-widget elementor-widget-heading\" data-id=\"1d16803\" data-element_type=\"widget\" data-widget_type=\"heading.default\">\n\t\t\t\t<div class=\"elementor-widget-container\">\n\t\t\t\t\t<h1 class=\"elementor-heading-title elementor-size-default\">Snowtubing Jaillet MEGEVE<\/h1>\t\t\t\t<\/div>\n\t\t\t\t<\/div>\n\t\t\t\t<div class=\"elementor-element elementor-element-0556bc6 elementor-widget elementor-widget-heading\" data-id=\"0556bc6\" data-element_type=\"widget\" data-widget_type=\"heading.default\">\n\t\t\t\t<div class=\"elementor-widget-container\">\n\t\t\t\t\t<h2 class=\"elementor-heading-title elementor-size-default\">Opening<\/h2>\t\t\t\t<\/div>\n\t\t\t\t<\/div>\n\t\t\t\t<div class=\"elementor-element elementor-element-b077fad elementor-widget elementor-widget-text-editor\" data-id=\"b077fad\" data-element_type=\"widget\" data-widget_type=\"text-editor.default\">\n\t\t\t\t<div class=\"elementor-widget-container\">\n\t\t\t\t\t\t\t\t\t<p style=\"text-align: center;\"><strong>9:00 AM &#8211; 4:55 PM<\/strong><\/p><p style=\"text-align: center;\">From 2026\/02\/07 to 2026\/03\/08 : 9:00 AM &#8211; 5:25 PMB<\/p>\t\t\t\t\t\t\t\t<\/div>\n\t\t\t\t<\/div>\n\t\t\t\t\t<\/div>\n\t\t<\/div>\n\t\t\t\t\t<\/div>\n\t\t<\/section>\n\t\t\t\t<section data-particle_enable=\"false\" data-particle-mobile-disabled=\"false\" class=\"elementor-section elementor-top-section elementor-element elementor-element-9afe52d elementor-section-boxed elementor-section-height-default elementor-section-height-default\" data-id=\"9afe52d\" data-element_type=\"section\">\n\t\t\t\t\t\t<div class=\"elementor-container elementor-column-gap-default\">\n\t\t\t\t\t<div class=\"elementor-column elementor-col-100 elementor-top-column elementor-element elementor-element-73b5042\" data-id=\"73b5042\" data-element_type=\"column\">\n\t\t\t<div class=\"elementor-widget-wrap elementor-element-populated\">\n\t\t\t\t\t\t<div class=\"elementor-element elementor-element-ab35528 elementor-widget elementor-widget-heading\" data-id=\"ab35528\" data-element_type=\"widget\" data-widget_type=\"heading.default\">\n\t\t\t\t<div class=\"elementor-widget-container\">\n\t\t\t\t\t<h1 class=\"elementor-heading-title elementor-size-default\">Snowtubing Jaillet MEGEVE<\/h1>\t\t\t\t<\/div>\n\t\t\t\t<\/div>\n\t\t\t\t<div class=\"elementor-element elementor-element-0bdb218 elementor-align-center elementor-widget elementor-widget-button\" data-id=\"0bdb218\" data-element_type=\"widget\" data-widget_type=\"button.default\">\n\t\t\t\t<div class=\"elementor-widget-container\">\n\t\t\t\t\t\t\t\t\t<div class=\"elementor-button-wrapper\">\n\t\t\t\t\t<a class=\"elementor-button elementor-button-link elementor-size-sm\" href=\"https:\/\/bulletinv3.lumiplan.pro\/bulletin.php?station=portes-du-mont-blanc&#038;lang=en&#038;isSoir=false\">\n\t\t\t\t\t\t<span class=\"elementor-button-content-wrapper\">\n\t\t\t\t\t\t\t\t\t<span class=\"elementor-button-text\">Check Live opening<\/span>\n\t\t\t\t\t<\/span>\n\t\t\t\t\t<\/a>\n\t\t\t\t<\/div>\n\t\t\t\t\t\t\t\t<\/div>\n\t\t\t\t<\/div>\n\t\t\t\t<div class=\"elementor-element elementor-element-56e1ec5 elementor-widget elementor-widget-text-editor\" data-id=\"56e1ec5\" data-element_type=\"widget\" data-widget_type=\"text-editor.default\">\n\t\t\t\t<div class=\"elementor-widget-container\">\n\t\t\t\t\t\t\t\t\t<p style=\"text-align: center;\">(TAB \u00ab\u00a0Activit\u00e9s et services\u00a0\u00bb)<\/p>\t\t\t\t\t\t\t\t<\/div>\n\t\t\t\t<\/div>\n\t\t\t\t<div class=\"elementor-element elementor-element-275efcf elementor-widget elementor-widget-heading\" data-id=\"275efcf\" data-element_type=\"widget\" data-widget_type=\"heading.default\">\n\t\t\t\t<div class=\"elementor-widget-container\">\n\t\t\t\t\t<h2 class=\"elementor-heading-title elementor-size-default\">Accessibility<\/h2>\t\t\t\t<\/div>\n\t\t\t\t<\/div>\n\t\t\t\t<div class=\"elementor-element elementor-element-32a3e68 elementor-widget elementor-widget-text-editor\" data-id=\"32a3e68\" data-element_type=\"widget\" data-widget_type=\"text-editor.default\">\n\t\t\t\t<div class=\"elementor-widget-container\">\n\t\t\t\t\t\t\t\t\t<ul><li style=\"text-align: center;\"><span style=\"color: #ff0000;\">Individual buoy \/ Helmet <strong>OBLIGATORY <\/strong>(not provided)<\/span><\/li><li style=\"text-align: center;\">\u2022<strong>Forbidden to children under 4 years<\/strong><br \/>\u2022between <strong>90 cm et 110 cm<\/strong> : child buoy with the parent one (<b>only the adult pay<\/b>)<br \/>\u2022<strong>Alone from 6 years<\/strong><\/li><\/ul>\t\t\t\t\t\t\t\t<\/div>\n\t\t\t\t<\/div>\n\t\t\t\t<div class=\"elementor-element elementor-element-8d349d3 elementor-widget elementor-widget-heading\" data-id=\"8d349d3\" data-element_type=\"widget\" data-widget_type=\"heading.default\">\n\t\t\t\t<div class=\"elementor-widget-container\">\n\t\t\t\t\t<h2 class=\"elementor-heading-title elementor-size-default\">Prices<\/h2>\t\t\t\t<\/div>\n\t\t\t\t<\/div>\n\t\t\t\t<div class=\"elementor-element elementor-element-0a49a36 elementor-widget elementor-widget-text-editor\" data-id=\"0a49a36\" data-element_type=\"widget\" data-widget_type=\"text-editor.default\">\n\t\t\t\t<div class=\"elementor-widget-container\">\n\t\t\t\t\t\t\t\t\t<p style=\"text-align: center;\"><strong>15,00 \u20ac the buoy for 1 hour<\/strong><\/p><p style=\"text-align: center;\">Tribe offer : 10% discount when buying at least 4 tickets together.<\/p><p style=\"text-align: center;\">Sales at the automatic machine (<strong><span style=\"color: #ff0000;\">Credit Card only<\/span><\/strong>) at the departure of Snowtubbing.<\/p>\t\t\t\t\t\t\t\t<\/div>\n\t\t\t\t<\/div>\n\t\t\t\t<div class=\"elementor-element elementor-element-c0537a8 elementor-hidden-desktop elementor-hidden-tablet elementor-hidden-mobile elementor-widget elementor-widget-heading\" data-id=\"c0537a8\" data-element_type=\"widget\" data-widget_type=\"heading.default\">\n\t\t\t\t<div class=\"elementor-widget-container\">\n\t\t\t\t\t<h2 class=\"elementor-heading-title elementor-size-default\">Booking online :<\/h2>\t\t\t\t<\/div>\n\t\t\t\t<\/div>\n\t\t\t\t<div class=\"elementor-element elementor-element-3597e5f elementor-hidden-desktop elementor-hidden-tablet elementor-hidden-mobile elementor-widget elementor-widget-text-editor\" data-id=\"3597e5f\" data-element_type=\"widget\" data-widget_type=\"text-editor.default\">\n\t\t\t\t<div class=\"elementor-widget-container\">\n\t\t\t\t\t\t\t\t\t<p><strong>A venir<\/strong><\/p>\t\t\t\t\t\t\t\t<\/div>\n\t\t\t\t<\/div>\n\t\t\t\t<div class=\"elementor-element elementor-element-88db20f elementor-align-left elementor-hidden-desktop elementor-hidden-tablet elementor-hidden-mobile elementor-widget elementor-widget-button\" data-id=\"88db20f\" data-element_type=\"widget\" data-widget_type=\"button.default\">\n\t\t\t\t<div class=\"elementor-widget-container\">\n\t\t\t\t\t\t\t\t\t<div class=\"elementor-button-wrapper\">\n\t\t\t\t\t<a class=\"elementor-button elementor-button-link elementor-size-sm\" href=\"https:\/\/lesportesdumontblanc.qweekle.com\/shop\/lesportesdumontblanc\/ticketing?lang=fr\" target=\"_blank\">\n\t\t\t\t\t\t<span class=\"elementor-button-content-wrapper\">\n\t\t\t\t\t\t\t\t\t<span class=\"elementor-button-text\">R\u00e9server l'activit\u00e9<\/span>\n\t\t\t\t\t<\/span>\n\t\t\t\t\t<\/a>\n\t\t\t\t<\/div>\n\t\t\t\t\t\t\t\t<\/div>\n\t\t\t\t<\/div>\n\t\t\t\t\t<\/div>\n\t\t<\/div>\n\t\t\t\t\t<\/div>\n\t\t<\/section>\n\t\t\t\t<section data-particle_enable=\"false\" data-particle-mobile-disabled=\"false\" class=\"elementor-section elementor-top-section elementor-element elementor-element-b519319 elementor-section-boxed elementor-section-height-default elementor-section-height-default\" data-id=\"b519319\" data-element_type=\"section\">\n\t\t\t\t\t\t<div class=\"elementor-container elementor-column-gap-default\">\n\t\t\t\t\t<div class=\"elementor-column elementor-col-100 elementor-top-column elementor-element elementor-element-bd5fc2e\" data-id=\"bd5fc2e\" data-element_type=\"column\">\n\t\t\t<div class=\"elementor-widget-wrap elementor-element-populated\">\n\t\t\t\t\t\t<div class=\"elementor-element elementor-element-f68eb7e elementor-widget elementor-widget-heading\" data-id=\"f68eb7e\" data-element_type=\"widget\" data-widget_type=\"heading.default\">\n\t\t\t\t<div class=\"elementor-widget-container\">\n\t\t\t\t\t<h2 class=\"elementor-heading-title elementor-size-default\">Localization :<\/h2>\t\t\t\t<\/div>\n\t\t\t\t<\/div>\n\t\t\t\t\t<\/div>\n\t\t<\/div>\n\t\t\t\t\t<\/div>\n\t\t<\/section>\n\t\t\t\t<section data-particle_enable=\"false\" data-particle-mobile-disabled=\"false\" class=\"elementor-section elementor-top-section elementor-element elementor-element-c6a5df4 elementor-section-boxed elementor-section-height-default elementor-section-height-default\" data-id=\"c6a5df4\" data-element_type=\"section\">\n\t\t\t\t\t\t<div class=\"elementor-container elementor-column-gap-default\">\n\t\t\t\t\t<div class=\"elementor-column elementor-col-100 elementor-top-column elementor-element elementor-element-bee8ec9\" data-id=\"bee8ec9\" data-element_type=\"column\">\n\t\t\t<div class=\"elementor-widget-wrap elementor-element-populated\">\n\t\t\t\t\t\t<div class=\"elementor-element elementor-element-3b2611a elementor-widget elementor-widget-text-editor\" data-id=\"3b2611a\" data-element_type=\"widget\" data-widget_type=\"text-editor.default\">\n\t\t\t\t<div class=\"elementor-widget-container\">\n\t\t\t\t\t\t\t\t\t<p style=\"text-align: center;\">at the bottom of the gondolas Jaillet-MEGEVE &#8211; free parking slots (blue disk 7 hours)<\/p>\t\t\t\t\t\t\t\t<\/div>\n\t\t\t\t<\/div>\n\t\t\t\t<div class=\"elementor-element elementor-element-bc94944 elementor-widget elementor-widget-google_maps\" data-id=\"bc94944\" data-element_type=\"widget\" data-widget_type=\"google_maps.default\">\n\t\t\t\t<div class=\"elementor-widget-container\">\n\t\t\t\t\t\t\t<div class=\"elementor-custom-embed\">\n\t\t\t<iframe loading=\"lazy\"\n\t\t\t\t\tsrc=\"https:\/\/maps.google.com\/maps?q=45.86479395263633%2C%206.6185577764185295&#038;t=m&#038;z=17&#038;output=embed&#038;iwloc=near\"\n\t\t\t\t\ttitle=\"45.86479395263633, 6.6185577764185295\"\n\t\t\t\t\taria-label=\"45.86479395263633, 6.6185577764185295\"\n\t\t\t><\/iframe>\n\t\t<\/div>\n\t\t\t\t\t\t<\/div>\n\t\t\t\t<\/div>\n\t\t\t\t\t<\/div>\n\t\t<\/div>\n\t\t\t\t\t<\/div>\n\t\t<\/section>\n\t\t\t\t<\/div>\n\t\t","protected":false},"excerpt":{"rendered":"<p>Snowtubing Jaillet MEGEVE Opening 9:00 AM &#8211; 4:55 PM From 2026\/02\/07 to 2026\/03\/08 : 9:00 AM &#8211; 5:25 PMB Snowtubing Jaillet MEGEVE Check Live opening (TAB \u00ab\u00a0Activit\u00e9s et services\u00a0\u00bb) Accessibility Individual buoy \/ Helmet OBLIGATORY (not provided) \u2022Forbidden to children under 4 years\u2022between 90 cm et 110 cm : child buoy with the parent one [&hellip;]<\/p>\n","protected":false},"author":9,"featured_media":0,"parent":0,"menu_order":0,"comment_status":"closed","ping_status":"closed","template":"","meta":{"footnotes":""},"class_list":["post-9180","page","type-page","status-publish","hentry"],"yoast_head":"<!-- This site is optimized with the Yoast SEO plugin v25.2 - https:\/\/yoast.com\/wordpress\/plugins\/seo\/ -->\n<title>Snow tubing MEGEVE - les Portes du Mont blanc<\/title>\n<meta name=\"description\" content=\"Profitez du snowtubing du Jaillet \u00e0 Meg\u00e8ve sur plusieurs pistes de difficult\u00e9s croissantes. Accessible pour les enfants d\u00e8s 90 cm.\" \/>\n<meta name=\"robots\" content=\"index, follow, max-snippet:-1, max-image-preview:large, max-video-preview:-1\" \/>\n<link rel=\"canonical\" href=\"https:\/\/www.lesportesdumontblanc.fr\/hiver\/en\/snow-tubing-megeve\/\" \/>\n<meta property=\"og:locale\" content=\"fr_FR\" \/>\n<meta property=\"og:type\" content=\"article\" \/>\n<meta property=\"og:title\" content=\"Snow tubing MEGEVE - les Portes du Mont blanc\" \/>\n<meta property=\"og:description\" content=\"Profitez du snowtubing du Jaillet \u00e0 Meg\u00e8ve sur plusieurs pistes de difficult\u00e9s croissantes. Accessible pour les enfants d\u00e8s 90 cm.\" \/>\n<meta property=\"og:url\" content=\"https:\/\/www.lesportesdumontblanc.fr\/hiver\/en\/snow-tubing-megeve\/\" \/>\n<meta property=\"og:site_name\" content=\"les Portes du Mont blanc\" \/>\n<meta property=\"article:publisher\" content=\"https:\/\/www.facebook.com\/lesportesdumontblanc.fr\/\" \/>\n<meta property=\"article:modified_time\" content=\"2026-04-13T12:46:06+00:00\" \/>\n<meta name=\"twitter:card\" content=\"summary_large_image\" \/>\n<meta name=\"twitter:label1\" content=\"Dur\u00e9e de lecture estim\u00e9e\" \/>\n\t<meta name=\"twitter:data1\" content=\"1 minute\" \/>\n<script type=\"application\/ld+json\" class=\"yoast-schema-graph\">{\"@context\":\"https:\/\/schema.org\",\"@graph\":[{\"@type\":\"WebPage\",\"@id\":\"https:\/\/www.lesportesdumontblanc.fr\/hiver\/en\/snow-tubing-megeve\/\",\"url\":\"https:\/\/www.lesportesdumontblanc.fr\/hiver\/en\/snow-tubing-megeve\/\",\"name\":\"Snow tubing MEGEVE - les Portes du Mont blanc\",\"isPartOf\":{\"@id\":\"https:\/\/www.lesportesdumontblanc.fr\/hiver\/#website\"},\"datePublished\":\"2025-02-02T11:54:20+00:00\",\"dateModified\":\"2026-04-13T12:46:06+00:00\",\"description\":\"Profitez du snowtubing du Jaillet \u00e0 Meg\u00e8ve sur plusieurs pistes de difficult\u00e9s croissantes. Accessible pour les enfants d\u00e8s 90 cm.\",\"breadcrumb\":{\"@id\":\"https:\/\/www.lesportesdumontblanc.fr\/hiver\/en\/snow-tubing-megeve\/#breadcrumb\"},\"inLanguage\":\"fr-FR\",\"potentialAction\":[{\"@type\":\"ReadAction\",\"target\":[\"https:\/\/www.lesportesdumontblanc.fr\/hiver\/en\/snow-tubing-megeve\/\"]}]},{\"@type\":\"BreadcrumbList\",\"@id\":\"https:\/\/www.lesportesdumontblanc.fr\/hiver\/en\/snow-tubing-megeve\/#breadcrumb\",\"itemListElement\":[{\"@type\":\"ListItem\",\"position\":1,\"name\":\"Accueil\",\"item\":\"https:\/\/www.lesportesdumontblanc.fr\/hiver\/\"},{\"@type\":\"ListItem\",\"position\":2,\"name\":\"Snow tubing MEGEVE\"}]},{\"@type\":\"WebSite\",\"@id\":\"https:\/\/www.lesportesdumontblanc.fr\/hiver\/#website\",\"url\":\"https:\/\/www.lesportesdumontblanc.fr\/hiver\/\",\"name\":\"les Portes du Mont blanc\",\"description\":\"Les sites de PMB\",\"publisher\":{\"@id\":\"https:\/\/www.lesportesdumontblanc.fr\/hiver\/#organization\"},\"potentialAction\":[{\"@type\":\"SearchAction\",\"target\":{\"@type\":\"EntryPoint\",\"urlTemplate\":\"https:\/\/www.lesportesdumontblanc.fr\/hiver\/?s={search_term_string}\"},\"query-input\":{\"@type\":\"PropertyValueSpecification\",\"valueRequired\":true,\"valueName\":\"search_term_string\"}}],\"inLanguage\":\"fr-FR\"},{\"@type\":\"Organization\",\"@id\":\"https:\/\/www.lesportesdumontblanc.fr\/hiver\/#organization\",\"name\":\"les Portes du Mont blanc\",\"url\":\"https:\/\/www.lesportesdumontblanc.fr\/hiver\/\",\"logo\":{\"@type\":\"ImageObject\",\"inLanguage\":\"fr-FR\",\"@id\":\"https:\/\/www.lesportesdumontblanc.fr\/hiver\/#\/schema\/logo\/image\/\",\"url\":\"https:\/\/www.lesportesdumontblanc.fr\/hiver\/wp-content\/uploads\/sites\/2\/2025\/11\/svg_pmb.svg\",\"contentUrl\":\"https:\/\/www.lesportesdumontblanc.fr\/hiver\/wp-content\/uploads\/sites\/2\/2025\/11\/svg_pmb.svg\",\"width\":1200,\"height\":1076,\"caption\":\"les Portes du Mont blanc\"},\"image\":{\"@id\":\"https:\/\/www.lesportesdumontblanc.fr\/hiver\/#\/schema\/logo\/image\/\"},\"sameAs\":[\"https:\/\/www.facebook.com\/lesportesdumontblanc.fr\/\",\"https:\/\/www.instagram.com\/lesportesdumontblanc\/\"]}]}<\/script>\n<!-- \/ Yoast SEO plugin. -->","yoast_head_json":{"title":"Snow tubing MEGEVE - les Portes du Mont blanc","description":"Profitez du snowtubing du Jaillet \u00e0 Meg\u00e8ve sur plusieurs pistes de difficult\u00e9s croissantes. Accessible pour les enfants d\u00e8s 90 cm.","robots":{"index":"index","follow":"follow","max-snippet":"max-snippet:-1","max-image-preview":"max-image-preview:large","max-video-preview":"max-video-preview:-1"},"canonical":"https:\/\/www.lesportesdumontblanc.fr\/hiver\/en\/snow-tubing-megeve\/","og_locale":"fr_FR","og_type":"article","og_title":"Snow tubing MEGEVE - les Portes du Mont blanc","og_description":"Profitez du snowtubing du Jaillet \u00e0 Meg\u00e8ve sur plusieurs pistes de difficult\u00e9s croissantes. Accessible pour les enfants d\u00e8s 90 cm.","og_url":"https:\/\/www.lesportesdumontblanc.fr\/hiver\/en\/snow-tubing-megeve\/","og_site_name":"les Portes du Mont blanc","article_publisher":"https:\/\/www.facebook.com\/lesportesdumontblanc.fr\/","article_modified_time":"2026-04-13T12:46:06+00:00","twitter_card":"summary_large_image","twitter_misc":{"Dur\u00e9e de lecture estim\u00e9e":"1 minute"},"schema":{"@context":"https:\/\/schema.org","@graph":[{"@type":"WebPage","@id":"https:\/\/www.lesportesdumontblanc.fr\/hiver\/en\/snow-tubing-megeve\/","url":"https:\/\/www.lesportesdumontblanc.fr\/hiver\/en\/snow-tubing-megeve\/","name":"Snow tubing MEGEVE - les Portes du Mont blanc","isPartOf":{"@id":"https:\/\/www.lesportesdumontblanc.fr\/hiver\/#website"},"datePublished":"2025-02-02T11:54:20+00:00","dateModified":"2026-04-13T12:46:06+00:00","description":"Profitez du snowtubing du Jaillet \u00e0 Meg\u00e8ve sur plusieurs pistes de difficult\u00e9s croissantes. Accessible pour les enfants d\u00e8s 90 cm.","breadcrumb":{"@id":"https:\/\/www.lesportesdumontblanc.fr\/hiver\/en\/snow-tubing-megeve\/#breadcrumb"},"inLanguage":"fr-FR","potentialAction":[{"@type":"ReadAction","target":["https:\/\/www.lesportesdumontblanc.fr\/hiver\/en\/snow-tubing-megeve\/"]}]},{"@type":"BreadcrumbList","@id":"https:\/\/www.lesportesdumontblanc.fr\/hiver\/en\/snow-tubing-megeve\/#breadcrumb","itemListElement":[{"@type":"ListItem","position":1,"name":"Accueil","item":"https:\/\/www.lesportesdumontblanc.fr\/hiver\/"},{"@type":"ListItem","position":2,"name":"Snow tubing MEGEVE"}]},{"@type":"WebSite","@id":"https:\/\/www.lesportesdumontblanc.fr\/hiver\/#website","url":"https:\/\/www.lesportesdumontblanc.fr\/hiver\/","name":"les Portes du Mont blanc","description":"Les sites de PMB","publisher":{"@id":"https:\/\/www.lesportesdumontblanc.fr\/hiver\/#organization"},"potentialAction":[{"@type":"SearchAction","target":{"@type":"EntryPoint","urlTemplate":"https:\/\/www.lesportesdumontblanc.fr\/hiver\/?s={search_term_string}"},"query-input":{"@type":"PropertyValueSpecification","valueRequired":true,"valueName":"search_term_string"}}],"inLanguage":"fr-FR"},{"@type":"Organization","@id":"https:\/\/www.lesportesdumontblanc.fr\/hiver\/#organization","name":"les Portes du Mont blanc","url":"https:\/\/www.lesportesdumontblanc.fr\/hiver\/","logo":{"@type":"ImageObject","inLanguage":"fr-FR","@id":"https:\/\/www.lesportesdumontblanc.fr\/hiver\/#\/schema\/logo\/image\/","url":"https:\/\/www.lesportesdumontblanc.fr\/hiver\/wp-content\/uploads\/sites\/2\/2025\/11\/svg_pmb.svg","contentUrl":"https:\/\/www.lesportesdumontblanc.fr\/hiver\/wp-content\/uploads\/sites\/2\/2025\/11\/svg_pmb.svg","width":1200,"height":1076,"caption":"les Portes du Mont blanc"},"image":{"@id":"https:\/\/www.lesportesdumontblanc.fr\/hiver\/#\/schema\/logo\/image\/"},"sameAs":["https:\/\/www.facebook.com\/lesportesdumontblanc.fr\/","https:\/\/www.instagram.com\/lesportesdumontblanc\/"]}]}},"publishpress_future_action":{"enabled":false,"date":"2026-04-22 17:05:25","action":"change-status","newStatus":"draft","terms":[],"taxonomy":"language"},"_links":{"self":[{"href":"https:\/\/www.lesportesdumontblanc.fr\/hiver\/wp-json\/wp\/v2\/pages\/9180","targetHints":{"allow":["GET"]}}],"collection":[{"href":"https:\/\/www.lesportesdumontblanc.fr\/hiver\/wp-json\/wp\/v2\/pages"}],"about":[{"href":"https:\/\/www.lesportesdumontblanc.fr\/hiver\/wp-json\/wp\/v2\/types\/page"}],"author":[{"embeddable":true,"href":"https:\/\/www.lesportesdumontblanc.fr\/hiver\/wp-json\/wp\/v2\/users\/9"}],"replies":[{"embeddable":true,"href":"https:\/\/www.lesportesdumontblanc.fr\/hiver\/wp-json\/wp\/v2\/comments?post=9180"}],"version-history":[{"count":30,"href":"https:\/\/www.lesportesdumontblanc.fr\/hiver\/wp-json\/wp\/v2\/pages\/9180\/revisions"}],"predecessor-version":[{"id":12017,"href":"https:\/\/www.lesportesdumontblanc.fr\/hiver\/wp-json\/wp\/v2\/pages\/9180\/revisions\/12017"}],"wp:attachment":[{"href":"https:\/\/www.lesportesdumontblanc.fr\/hiver\/wp-json\/wp\/v2\/media?parent=9180"}],"curies":[{"name":"wp","href":"https:\/\/api.w.org\/{rel}","templated":true}]}}